{"id":20,"date":"2020-07-29T02:56:12","date_gmt":"2020-07-29T02:56:12","guid":{"rendered":"https:\/\/gopuravida.live-website.com\/?page_id=20"},"modified":"2026-04-06T18:23:50","modified_gmt":"2026-04-06T18:23:50","slug":"about","status":"publish","type":"page","link":"https:\/\/gopuravida.org\/es\/about\/","title":{"rendered":"Sobre Mi"},"content":{"rendered":"<p>Pura Vida! Ich hei\u00dfe Julia , komme aus dem S\u00fcden Deutschlands und liebe das Reisen.<\/p>\n\n\n\n<p>Desde peque\u00f1a me encanta conocer culturas nuevas. Estar siempre descubriendo cosas nuevas fue el tesoro que me hered\u00f3 mi familia. \nUna de las razones por las que decid\u00ed en el 2013 por fin hacer mi primer gran viaje sola. Eso con apenas 15 a\u00f1itos de edad.\nEn julio 2014 empez\u00f3 esta gran aventura: seis meses como estudiante de intercambio en Costa Rica. Con una familia anfitriona que no conoc\u00eda en aqu\u00e9l entonces, pero tambi\u00e9n con un idioma, naturaleza y cultura totalmente nuevos para mi.<\/p>\n\n\n\n<p>Aprend\u00ed a conocer y querer este pa\u00eds. Tanto que lo considero mi segundo hogar y gracias a mi novio y mis amigos me siento en casa igual que en Alemania.<\/p>\n\n\n\n<p>Seitdem folge ich meinem Drang in die Welt und mache daraus mehr als nur ein Hobby: Von 2018 bis 2022 studierte ich an der M\u00fcnchner Hochschule Tourismusmanagement. Einen gro\u00dfen Teil davon allerdings aus Costa Rica. <\/p>\n\n\n\n<p>Bis 2025 wohnte ich mit meinem costa-ricanischen Mann in Heredia, einem kleinen St\u00e4dtchen n\u00f6rdlich San Jos\u00e9s.<\/p>\n\n\n\n<p>El sue\u00f1o de tener mi propio blog naci\u00f3 hace muchos a\u00f1os. Debido a la pandemia por fin tuve la posibilidad de realizarlo. Mi objetivo es presentar el turismo sostenible y responsable con todas las facetas lejos del turismo masivo. Y cual pa\u00eds sirve para esto mejor que Costa Rica?<\/p>\n\n\n\n<p>Kleine, besondere Unterk\u00fcnfte, einzigartige Caf\u00e9s und Restaurants oder auch einfach Destinationen werdet ihr hier kennenlernen. \u00a0Ich m\u00f6chte euch hier einen Einblick in die verborgenen Sch\u00e4tze bieten und mit Rat und Tat bei der Planung eurer Traumreise zur Seite stehen.<\/p>\n\n\n\n<p>Ich freue mich auf eine bunte und aufregende Reise durch Costa Rica gemeinsam mit euch!<\/p>\n\n\n\n<p>Pura Vida<\/p>\n\n\n\n<p>Julia<\/p>\n\n\n\n<figure class=\"wp-block-image size-large\"><img loading=\"lazy\" decoding=\"async\" width=\"1024\" height=\"390\" src=\"https:\/\/gopuravida.org\/wp-content\/uploads\/2020\/08\/PORTADA-GO-PURA-VIDA--1024x390.png\" alt=\"\" class=\"wp-image-109\" srcset=\"https:\/\/gopuravida.org\/wp-content\/uploads\/2020\/08\/PORTADA-GO-PURA-VIDA--1024x390.png 1024w, https:\/\/gopuravida.org\/wp-content\/uploads\/2020\/08\/PORTADA-GO-PURA-VIDA--300x114.png 300w, https:\/\/gopuravida.org\/wp-content\/uploads\/2020\/08\/PORTADA-GO-PURA-VIDA--768x292.png 768w, https:\/\/gopuravida.org\/wp-content\/uploads\/2020\/08\/PORTADA-GO-PURA-VIDA--1536x584.png 1536w, https:\/\/gopuravida.org\/wp-content\/uploads\/2020\/08\/PORTADA-GO-PURA-VIDA--2048x779.png 2048w, https:\/\/gopuravida.org\/wp-content\/uploads\/2020\/08\/PORTADA-GO-PURA-VIDA--1200x457.png 1200w, https:\/\/gopuravida.org\/wp-content\/uploads\/2020\/08\/PORTADA-GO-PURA-VIDA--1980x753.png 1980w\" sizes=\"auto, (max-width: 1024px) 100vw, 1024px\" \/><\/figure>\n\n\n\n<p><\/p>","protected":false},"excerpt":{"rendered":"<p>Pura Vida! Ich hei\u00dfe Julia , komme aus dem S\u00fcden Deutschlands und liebe das Reisen. Seit klein auf durfte ich verschiedenste Kulturen kennenlernen. Immer auf Entdeckungstour zu sein wurde mir sozusagen von meinen Eltern in die Wiege gelegt. Nicht zuletzt deswegen habe ich 2013 beschlossen, meine erste gro\u00dfe Reise ohne Familie im zarten Alter von [&hellip;]<\/p>\n","protected":false},"author":1,"featured_media":0,"parent":0,"menu_order":0,"comment_status":"closed","ping_status":"closed","template":"","meta":{"footnotes":""},"class_list":["post-20","page","type-page","status-publish","hentry"],"yoast_head":"<!-- This site is optimized with the Yoast SEO plugin v27.5 - https:\/\/yoast.com\/product\/yoast-seo-wordpress\/ -->\n<title>\u00dcber mich - Go Pura Vida<\/title>\n<meta name=\"robots\" content=\"index, follow, max-snippet:-1, max-image-preview:large, max-video-preview:-1\" \/>\n<link rel=\"canonical\" href=\"https:\/\/gopuravida.org\/es\/about\/\" \/>\n<meta property=\"og:locale\" content=\"es_ES\" \/>\n<meta property=\"og:type\" content=\"article\" \/>\n<meta property=\"og:title\" content=\"\u00dcber mich - Go Pura Vida\" \/>\n<meta property=\"og:description\" content=\"Pura Vida! Ich hei\u00dfe Julia , komme aus dem S\u00fcden Deutschlands und liebe das Reisen. Seit klein auf durfte ich verschiedenste Kulturen kennenlernen. Immer auf Entdeckungstour zu sein wurde mir sozusagen von meinen Eltern in die Wiege gelegt. Nicht zuletzt deswegen habe ich 2013 beschlossen, meine erste gro\u00dfe Reise ohne Familie im zarten Alter von [&hellip;]\" \/>\n<meta property=\"og:url\" content=\"https:\/\/gopuravida.org\/es\/about\/\" \/>\n<meta property=\"og:site_name\" content=\"Go Pura Vida\" \/>\n<meta property=\"article:modified_time\" content=\"2026-04-06T18:23:50+00:00\" \/>\n<meta property=\"og:image\" content=\"https:\/\/gopuravida.org\/wp-content\/uploads\/2020\/08\/PORTADA-GO-PURA-VIDA-.png\" \/>\n\t<meta property=\"og:image:width\" content=\"2050\" \/>\n\t<meta property=\"og:image:height\" content=\"780\" \/>\n\t<meta property=\"og:image:type\" content=\"image\/png\" \/>\n<meta name=\"twitter:card\" content=\"summary_large_image\" \/>\n<meta name=\"twitter:label1\" content=\"Est. reading time\" \/>\n\t<meta name=\"twitter:data1\" content=\"2 minutos\" \/>\n<script type=\"application\/ld+json\" class=\"yoast-schema-graph\">{\"@context\":\"https:\\\/\\\/schema.org\",\"@graph\":[{\"@type\":\"WebPage\",\"@id\":\"https:\\\/\\\/gopuravida.org\\\/about\\\/\",\"url\":\"https:\\\/\\\/gopuravida.org\\\/about\\\/\",\"name\":\"\u00dcber mich - Go Pura Vida\",\"isPartOf\":{\"@id\":\"https:\\\/\\\/gopuravida.org\\\/#website\"},\"primaryImageOfPage\":{\"@id\":\"https:\\\/\\\/gopuravida.org\\\/about\\\/#primaryimage\"},\"image\":{\"@id\":\"https:\\\/\\\/gopuravida.org\\\/about\\\/#primaryimage\"},\"thumbnailUrl\":\"https:\\\/\\\/gopuravida.org\\\/wp-content\\\/uploads\\\/2020\\\/08\\\/PORTADA-GO-PURA-VIDA--1024x390.png\",\"datePublished\":\"2020-07-29T02:56:12+00:00\",\"dateModified\":\"2026-04-06T18:23:50+00:00\",\"breadcrumb\":{\"@id\":\"https:\\\/\\\/gopuravida.org\\\/about\\\/#breadcrumb\"},\"inLanguage\":\"es-CR\",\"potentialAction\":[{\"@type\":\"ReadAction\",\"target\":[\"https:\\\/\\\/gopuravida.org\\\/about\\\/\"]}]},{\"@type\":\"ImageObject\",\"inLanguage\":\"es-CR\",\"@id\":\"https:\\\/\\\/gopuravida.org\\\/about\\\/#primaryimage\",\"url\":\"https:\\\/\\\/gopuravida.org\\\/wp-content\\\/uploads\\\/2020\\\/08\\\/PORTADA-GO-PURA-VIDA--1024x390.png\",\"contentUrl\":\"https:\\\/\\\/gopuravida.org\\\/wp-content\\\/uploads\\\/2020\\\/08\\\/PORTADA-GO-PURA-VIDA--1024x390.png\"},{\"@type\":\"BreadcrumbList\",\"@id\":\"https:\\\/\\\/gopuravida.org\\\/about\\\/#breadcrumb\",\"itemListElement\":[{\"@type\":\"ListItem\",\"position\":1,\"name\":\"Portada\",\"item\":\"https:\\\/\\\/gopuravida.org\\\/\"},{\"@type\":\"ListItem\",\"position\":2,\"name\":\"\u00dcber mich\"}]},{\"@type\":\"WebSite\",\"@id\":\"https:\\\/\\\/gopuravida.org\\\/#website\",\"url\":\"https:\\\/\\\/gopuravida.org\\\/\",\"name\":\"Go Pura Vida\",\"description\":\"\",\"publisher\":{\"@id\":\"https:\\\/\\\/gopuravida.org\\\/#organization\"},\"potentialAction\":[{\"@type\":\"SearchAction\",\"target\":{\"@type\":\"EntryPoint\",\"urlTemplate\":\"https:\\\/\\\/gopuravida.org\\\/?s={search_term_string}\"},\"query-input\":{\"@type\":\"PropertyValueSpecification\",\"valueRequired\":true,\"valueName\":\"search_term_string\"}}],\"inLanguage\":\"es-CR\"},{\"@type\":\"Organization\",\"@id\":\"https:\\\/\\\/gopuravida.org\\\/#organization\",\"name\":\"Go Pura Vida\",\"url\":\"https:\\\/\\\/gopuravida.org\\\/\",\"logo\":{\"@type\":\"ImageObject\",\"inLanguage\":\"es-CR\",\"@id\":\"https:\\\/\\\/gopuravida.org\\\/#\\\/schema\\\/logo\\\/image\\\/\",\"url\":\"https:\\\/\\\/gopuravida.org\\\/wp-content\\\/uploads\\\/2026\\\/04\\\/Go-Pura-Vida-bearbeitbar-1.png\",\"contentUrl\":\"https:\\\/\\\/gopuravida.org\\\/wp-content\\\/uploads\\\/2026\\\/04\\\/Go-Pura-Vida-bearbeitbar-1.png\",\"width\":1500,\"height\":1500,\"caption\":\"Go Pura Vida\"},\"image\":{\"@id\":\"https:\\\/\\\/gopuravida.org\\\/#\\\/schema\\\/logo\\\/image\\\/\"}}]}<\/script>\n<!-- \/ Yoast SEO plugin. -->","yoast_head_json":{"title":"\u00dcber mich - Go Pura Vida","robots":{"index":"index","follow":"follow","max-snippet":"max-snippet:-1","max-image-preview":"max-image-preview:large","max-video-preview":"max-video-preview:-1"},"canonical":"https:\/\/gopuravida.org\/es\/about\/","og_locale":"es_ES","og_type":"article","og_title":"\u00dcber mich - Go Pura Vida","og_description":"Pura Vida! Ich hei\u00dfe Julia , komme aus dem S\u00fcden Deutschlands und liebe das Reisen. Seit klein auf durfte ich verschiedenste Kulturen kennenlernen. Immer auf Entdeckungstour zu sein wurde mir sozusagen von meinen Eltern in die Wiege gelegt. Nicht zuletzt deswegen habe ich 2013 beschlossen, meine erste gro\u00dfe Reise ohne Familie im zarten Alter von [&hellip;]","og_url":"https:\/\/gopuravida.org\/es\/about\/","og_site_name":"Go Pura Vida","article_modified_time":"2026-04-06T18:23:50+00:00","og_image":[{"width":2050,"height":780,"url":"https:\/\/gopuravida.org\/wp-content\/uploads\/2020\/08\/PORTADA-GO-PURA-VIDA-.png","type":"image\/png"}],"twitter_card":"summary_large_image","twitter_misc":{"Est. reading time":"2 minutos"},"schema":{"@context":"https:\/\/schema.org","@graph":[{"@type":"WebPage","@id":"https:\/\/gopuravida.org\/about\/","url":"https:\/\/gopuravida.org\/about\/","name":"\u00dcber mich - Go Pura Vida","isPartOf":{"@id":"https:\/\/gopuravida.org\/#website"},"primaryImageOfPage":{"@id":"https:\/\/gopuravida.org\/about\/#primaryimage"},"image":{"@id":"https:\/\/gopuravida.org\/about\/#primaryimage"},"thumbnailUrl":"https:\/\/gopuravida.org\/wp-content\/uploads\/2020\/08\/PORTADA-GO-PURA-VIDA--1024x390.png","datePublished":"2020-07-29T02:56:12+00:00","dateModified":"2026-04-06T18:23:50+00:00","breadcrumb":{"@id":"https:\/\/gopuravida.org\/about\/#breadcrumb"},"inLanguage":"es-CR","potentialAction":[{"@type":"ReadAction","target":["https:\/\/gopuravida.org\/about\/"]}]},{"@type":"ImageObject","inLanguage":"es-CR","@id":"https:\/\/gopuravida.org\/about\/#primaryimage","url":"https:\/\/gopuravida.org\/wp-content\/uploads\/2020\/08\/PORTADA-GO-PURA-VIDA--1024x390.png","contentUrl":"https:\/\/gopuravida.org\/wp-content\/uploads\/2020\/08\/PORTADA-GO-PURA-VIDA--1024x390.png"},{"@type":"BreadcrumbList","@id":"https:\/\/gopuravida.org\/about\/#breadcrumb","itemListElement":[{"@type":"ListItem","position":1,"name":"Portada","item":"https:\/\/gopuravida.org\/"},{"@type":"ListItem","position":2,"name":"\u00dcber mich"}]},{"@type":"WebSite","@id":"https:\/\/gopuravida.org\/#website","url":"https:\/\/gopuravida.org\/","name":"Go Pura Vida","description":"","publisher":{"@id":"https:\/\/gopuravida.org\/#organization"},"potentialAction":[{"@type":"SearchAction","target":{"@type":"EntryPoint","urlTemplate":"https:\/\/gopuravida.org\/?s={search_term_string}"},"query-input":{"@type":"PropertyValueSpecification","valueRequired":true,"valueName":"search_term_string"}}],"inLanguage":"es-CR"},{"@type":"Organization","@id":"https:\/\/gopuravida.org\/#organization","name":"Go Pura Vida","url":"https:\/\/gopuravida.org\/","logo":{"@type":"ImageObject","inLanguage":"es-CR","@id":"https:\/\/gopuravida.org\/#\/schema\/logo\/image\/","url":"https:\/\/gopuravida.org\/wp-content\/uploads\/2026\/04\/Go-Pura-Vida-bearbeitbar-1.png","contentUrl":"https:\/\/gopuravida.org\/wp-content\/uploads\/2026\/04\/Go-Pura-Vida-bearbeitbar-1.png","width":1500,"height":1500,"caption":"Go Pura Vida"},"image":{"@id":"https:\/\/gopuravida.org\/#\/schema\/logo\/image\/"}}]}},"jetpack_sharing_enabled":true,"_links":{"self":[{"href":"https:\/\/gopuravida.org\/es\/wp-json\/wp\/v2\/pages\/20","targetHints":{"allow":["GET"]}}],"collection":[{"href":"https:\/\/gopuravida.org\/es\/wp-json\/wp\/v2\/pages"}],"about":[{"href":"https:\/\/gopuravida.org\/es\/wp-json\/wp\/v2\/types\/page"}],"author":[{"embeddable":true,"href":"https:\/\/gopuravida.org\/es\/wp-json\/wp\/v2\/users\/1"}],"replies":[{"embeddable":true,"href":"https:\/\/gopuravida.org\/es\/wp-json\/wp\/v2\/comments?post=20"}],"version-history":[{"count":5,"href":"https:\/\/gopuravida.org\/es\/wp-json\/wp\/v2\/pages\/20\/revisions"}],"predecessor-version":[{"id":323,"href":"https:\/\/gopuravida.org\/es\/wp-json\/wp\/v2\/pages\/20\/revisions\/323"}],"wp:attachment":[{"href":"https:\/\/gopuravida.org\/es\/wp-json\/wp\/v2\/media?parent=20"}],"curies":[{"name":"wp","href":"https:\/\/api.w.org\/{rel}","templated":true}]}}