{"id":82,"date":"2020-08-04T01:55:07","date_gmt":"2020-08-04T01:55:07","guid":{"rendered":"https:\/\/gopuravida.live-website.com\/?page_id=82"},"modified":"2020-08-12T23:51:58","modified_gmt":"2020-08-12T23:51:58","slug":"wie-go-pura-vida-zu-seinem-namen-kam","status":"publish","type":"page","link":"https:\/\/gopuravida.org\/es\/about\/wie-go-pura-vida-zu-seinem-namen-kam\/","title":{"rendered":"Wie &#8222;Go Pura Vida&#8220; zu seinem Namen kam&#8230;"},"content":{"rendered":"<p>Wieso \u201eGo Pura Vida\u201c? Was hat es damit auf sich?<\/p>\n\n\n\n<p>&nbsp;Den Ausdruck \u201ePura Vida\u201c werden die meisten Reisenden in Costa Rica mehr als nur einmal zu h\u00f6ren bekommen. Die Ticos, also Costaricaner, identifizieren sich und ihren Lebensstil besonders mit diesen zwei kleinen W\u00f6rtern. \u00dcbersetzt so viel wie \u201ePures Leben\u201c bedeutet dies vor allem, einen positiven Lebensstil zu haben und das Leben zu genie\u00dfen. Verwendet wird das weit verbreitete \u201ePura Vida\u201c zum Gr\u00fc\u00dfen, als Antwort auf die Frage \u201eWie geht\u2019s?\u201c oder auch zum Verabschieden und Bedanken \u2013 ein wahres Multitalent.<\/p>\n\n\n\n<p>Doch warum habe ich nun genau \u201eGo Pura Vida\u201c f\u00fcr diesen Blog ausgew\u00e4hlt? Nun ja, weil die Wurzeln f\u00fcr dieses Projekt in Costa Rica liegen und kein anderer Begriff Lebensfreude, Wohlbefinden, eine entspannte Art zu Reisen und Abenteuer so gut zum Ausdruck bringen. Die perfekte Kombination einer jeden Reise.<\/p>\n\n\n\n<p>Die Tico-Kultur und die Vielzahl einmaliger Erlebnisse beeinflussen mich au\u00dferdem in meinem t\u00e4glichen Leben nach wie vor, unabh\u00e4ngig auf welchem Fleckchen der Erde ich mich gerade befinde.<\/p>\n\n\n\n<p>Eine perfekte Verbindung zwischen dem Geburtsort der Idee und dem, was auf uns in der gro\u00dfen, weiten Welt wartet.<\/p>\n\n\n\n<p>Go Pura Vida ist deshalb mein pers\u00f6nlicher Inbegriff der einzigartigen Form des Reisens und des Entdeckens. Lebendig, kunterbunt, authentisch und ganz nach meinem Geschmack.<\/p>\n\n\n\n<p>Pura Vida!<\/p>\n\n\n\n<p>Lust, noch mehr \u00fcber mich zu erfahren? Dann schau <a href=\"https:\/\/gopuravida.org\/es\/about\/\">hier<\/a> vorbei. <\/p>\n\n\n\n<figure class=\"wp-block-image size-large\"><img loading=\"lazy\" decoding=\"async\" width=\"940\" height=\"788\" src=\"https:\/\/gopuravida.org\/wp-content\/uploads\/2020\/08\/Mariposa-1.png\" alt=\"\" class=\"wp-image-111\" srcset=\"https:\/\/gopuravida.org\/wp-content\/uploads\/2020\/08\/Mariposa-1.png 940w, https:\/\/gopuravida.org\/wp-content\/uploads\/2020\/08\/Mariposa-1-300x251.png 300w, https:\/\/gopuravida.org\/wp-content\/uploads\/2020\/08\/Mariposa-1-768x644.png 768w\" sizes=\"auto, (max-width: 940px) 100vw, 940px\" \/><\/figure>","protected":false},"excerpt":{"rendered":"<p>Wieso \u201eGo Pura Vida\u201c? Was hat es damit auf sich? &nbsp;Den Ausdruck \u201ePura Vida\u201c werden die meisten Reisenden in Costa Rica mehr als nur einmal zu h\u00f6ren bekommen. Die Ticos, also Costaricaner, identifizieren sich und ihren Lebensstil besonders mit diesen zwei kleinen W\u00f6rtern. \u00dcbersetzt so viel wie \u201ePures Leben\u201c bedeutet dies vor allem, einen positiven [&hellip;]<\/p>\n","protected":false},"author":1,"featured_media":0,"parent":20,"menu_order":0,"comment_status":"closed","ping_status":"closed","template":"","meta":{"footnotes":""},"class_list":["post-82","page","type-page","status-publish","hentry"],"yoast_head":"<!-- This site is optimized with the Yoast SEO plugin v27.5 - https:\/\/yoast.com\/product\/yoast-seo-wordpress\/ -->\n<title>Wie &quot;Go Pura Vida&quot; zu seinem Namen kam... - Go Pura Vida<\/title>\n<meta name=\"robots\" content=\"index, follow, max-snippet:-1, max-image-preview:large, max-video-preview:-1\" \/>\n<link rel=\"canonical\" href=\"https:\/\/gopuravida.org\/es\/about\/wie-go-pura-vida-zu-seinem-namen-kam\/\" \/>\n<meta property=\"og:locale\" content=\"es_ES\" \/>\n<meta property=\"og:type\" content=\"article\" \/>\n<meta property=\"og:title\" content=\"Wie &quot;Go Pura Vida&quot; zu seinem Namen kam... - Go Pura Vida\" \/>\n<meta property=\"og:description\" content=\"Wieso \u201eGo Pura Vida\u201c? Was hat es damit auf sich? &nbsp;Den Ausdruck \u201ePura Vida\u201c werden die meisten Reisenden in Costa Rica mehr als nur einmal zu h\u00f6ren bekommen. Die Ticos, also Costaricaner, identifizieren sich und ihren Lebensstil besonders mit diesen zwei kleinen W\u00f6rtern. \u00dcbersetzt so viel wie \u201ePures Leben\u201c bedeutet dies vor allem, einen positiven [&hellip;]\" \/>\n<meta property=\"og:url\" content=\"https:\/\/gopuravida.org\/es\/about\/wie-go-pura-vida-zu-seinem-namen-kam\/\" \/>\n<meta property=\"og:site_name\" content=\"Go Pura Vida\" \/>\n<meta property=\"article:modified_time\" content=\"2020-08-12T23:51:58+00:00\" \/>\n<meta property=\"og:image\" content=\"https:\/\/gopuravida.org\/wp-content\/uploads\/2020\/08\/Mariposa-1.png\" \/>\n<meta name=\"twitter:card\" content=\"summary_large_image\" \/>\n<meta name=\"twitter:label1\" content=\"Est. reading time\" \/>\n\t<meta name=\"twitter:data1\" content=\"1 minuto\" \/>\n<script type=\"application\/ld+json\" class=\"yoast-schema-graph\">{\"@context\":\"https:\\\/\\\/schema.org\",\"@graph\":[{\"@type\":\"WebPage\",\"@id\":\"https:\\\/\\\/gopuravida.org\\\/es\\\/about\\\/wie-go-pura-vida-zu-seinem-namen-kam\\\/\",\"url\":\"https:\\\/\\\/gopuravida.org\\\/es\\\/about\\\/wie-go-pura-vida-zu-seinem-namen-kam\\\/\",\"name\":\"Wie \\\"Go Pura Vida\\\" zu seinem Namen kam... - Go Pura Vida\",\"isPartOf\":{\"@id\":\"https:\\\/\\\/gopuravida.org\\\/#website\"},\"primaryImageOfPage\":{\"@id\":\"https:\\\/\\\/gopuravida.org\\\/es\\\/about\\\/wie-go-pura-vida-zu-seinem-namen-kam\\\/#primaryimage\"},\"image\":{\"@id\":\"https:\\\/\\\/gopuravida.org\\\/es\\\/about\\\/wie-go-pura-vida-zu-seinem-namen-kam\\\/#primaryimage\"},\"thumbnailUrl\":\"https:\\\/\\\/gopuravida.org\\\/wp-content\\\/uploads\\\/2020\\\/08\\\/Mariposa-1.png\",\"datePublished\":\"2020-08-04T01:55:07+00:00\",\"dateModified\":\"2020-08-12T23:51:58+00:00\",\"breadcrumb\":{\"@id\":\"https:\\\/\\\/gopuravida.org\\\/es\\\/about\\\/wie-go-pura-vida-zu-seinem-namen-kam\\\/#breadcrumb\"},\"inLanguage\":\"es-CR\",\"potentialAction\":[{\"@type\":\"ReadAction\",\"target\":[\"https:\\\/\\\/gopuravida.org\\\/es\\\/about\\\/wie-go-pura-vida-zu-seinem-namen-kam\\\/\"]}]},{\"@type\":\"ImageObject\",\"inLanguage\":\"es-CR\",\"@id\":\"https:\\\/\\\/gopuravida.org\\\/es\\\/about\\\/wie-go-pura-vida-zu-seinem-namen-kam\\\/#primaryimage\",\"url\":\"https:\\\/\\\/gopuravida.org\\\/wp-content\\\/uploads\\\/2020\\\/08\\\/Mariposa-1.png\",\"contentUrl\":\"https:\\\/\\\/gopuravida.org\\\/wp-content\\\/uploads\\\/2020\\\/08\\\/Mariposa-1.png\"},{\"@type\":\"BreadcrumbList\",\"@id\":\"https:\\\/\\\/gopuravida.org\\\/es\\\/about\\\/wie-go-pura-vida-zu-seinem-namen-kam\\\/#breadcrumb\",\"itemListElement\":[{\"@type\":\"ListItem\",\"position\":1,\"name\":\"Portada\",\"item\":\"https:\\\/\\\/gopuravida.org\\\/\"},{\"@type\":\"ListItem\",\"position\":2,\"name\":\"\u00dcber mich\",\"item\":\"https:\\\/\\\/gopuravida.org\\\/about\\\/\"},{\"@type\":\"ListItem\",\"position\":3,\"name\":\"Wie &#8222;Go Pura Vida&#8220; zu seinem Namen kam&#8230;\"}]},{\"@type\":\"WebSite\",\"@id\":\"https:\\\/\\\/gopuravida.org\\\/#website\",\"url\":\"https:\\\/\\\/gopuravida.org\\\/\",\"name\":\"Go Pura Vida\",\"description\":\"\",\"publisher\":{\"@id\":\"https:\\\/\\\/gopuravida.org\\\/#organization\"},\"potentialAction\":[{\"@type\":\"SearchAction\",\"target\":{\"@type\":\"EntryPoint\",\"urlTemplate\":\"https:\\\/\\\/gopuravida.org\\\/?s={search_term_string}\"},\"query-input\":{\"@type\":\"PropertyValueSpecification\",\"valueRequired\":true,\"valueName\":\"search_term_string\"}}],\"inLanguage\":\"es-CR\"},{\"@type\":\"Organization\",\"@id\":\"https:\\\/\\\/gopuravida.org\\\/#organization\",\"name\":\"Go Pura Vida\",\"url\":\"https:\\\/\\\/gopuravida.org\\\/\",\"logo\":{\"@type\":\"ImageObject\",\"inLanguage\":\"es-CR\",\"@id\":\"https:\\\/\\\/gopuravida.org\\\/#\\\/schema\\\/logo\\\/image\\\/\",\"url\":\"https:\\\/\\\/gopuravida.org\\\/wp-content\\\/uploads\\\/2026\\\/04\\\/Go-Pura-Vida-bearbeitbar-1.png\",\"contentUrl\":\"https:\\\/\\\/gopuravida.org\\\/wp-content\\\/uploads\\\/2026\\\/04\\\/Go-Pura-Vida-bearbeitbar-1.png\",\"width\":1500,\"height\":1500,\"caption\":\"Go Pura Vida\"},\"image\":{\"@id\":\"https:\\\/\\\/gopuravida.org\\\/#\\\/schema\\\/logo\\\/image\\\/\"}}]}<\/script>\n<!-- \/ Yoast SEO plugin. -->","yoast_head_json":{"title":"Wie \"Go Pura Vida\" zu seinem Namen kam... - Go Pura Vida","robots":{"index":"index","follow":"follow","max-snippet":"max-snippet:-1","max-image-preview":"max-image-preview:large","max-video-preview":"max-video-preview:-1"},"canonical":"https:\/\/gopuravida.org\/es\/about\/wie-go-pura-vida-zu-seinem-namen-kam\/","og_locale":"es_ES","og_type":"article","og_title":"Wie \"Go Pura Vida\" zu seinem Namen kam... - Go Pura Vida","og_description":"Wieso \u201eGo Pura Vida\u201c? Was hat es damit auf sich? &nbsp;Den Ausdruck \u201ePura Vida\u201c werden die meisten Reisenden in Costa Rica mehr als nur einmal zu h\u00f6ren bekommen. Die Ticos, also Costaricaner, identifizieren sich und ihren Lebensstil besonders mit diesen zwei kleinen W\u00f6rtern. \u00dcbersetzt so viel wie \u201ePures Leben\u201c bedeutet dies vor allem, einen positiven [&hellip;]","og_url":"https:\/\/gopuravida.org\/es\/about\/wie-go-pura-vida-zu-seinem-namen-kam\/","og_site_name":"Go Pura Vida","article_modified_time":"2020-08-12T23:51:58+00:00","og_image":[{"url":"https:\/\/gopuravida.org\/wp-content\/uploads\/2020\/08\/Mariposa-1.png","type":"","width":"","height":""}],"twitter_card":"summary_large_image","twitter_misc":{"Est. reading time":"1 minuto"},"schema":{"@context":"https:\/\/schema.org","@graph":[{"@type":"WebPage","@id":"https:\/\/gopuravida.org\/es\/about\/wie-go-pura-vida-zu-seinem-namen-kam\/","url":"https:\/\/gopuravida.org\/es\/about\/wie-go-pura-vida-zu-seinem-namen-kam\/","name":"Wie \"Go Pura Vida\" zu seinem Namen kam... - Go Pura Vida","isPartOf":{"@id":"https:\/\/gopuravida.org\/#website"},"primaryImageOfPage":{"@id":"https:\/\/gopuravida.org\/es\/about\/wie-go-pura-vida-zu-seinem-namen-kam\/#primaryimage"},"image":{"@id":"https:\/\/gopuravida.org\/es\/about\/wie-go-pura-vida-zu-seinem-namen-kam\/#primaryimage"},"thumbnailUrl":"https:\/\/gopuravida.org\/wp-content\/uploads\/2020\/08\/Mariposa-1.png","datePublished":"2020-08-04T01:55:07+00:00","dateModified":"2020-08-12T23:51:58+00:00","breadcrumb":{"@id":"https:\/\/gopuravida.org\/es\/about\/wie-go-pura-vida-zu-seinem-namen-kam\/#breadcrumb"},"inLanguage":"es-CR","potentialAction":[{"@type":"ReadAction","target":["https:\/\/gopuravida.org\/es\/about\/wie-go-pura-vida-zu-seinem-namen-kam\/"]}]},{"@type":"ImageObject","inLanguage":"es-CR","@id":"https:\/\/gopuravida.org\/es\/about\/wie-go-pura-vida-zu-seinem-namen-kam\/#primaryimage","url":"https:\/\/gopuravida.org\/wp-content\/uploads\/2020\/08\/Mariposa-1.png","contentUrl":"https:\/\/gopuravida.org\/wp-content\/uploads\/2020\/08\/Mariposa-1.png"},{"@type":"BreadcrumbList","@id":"https:\/\/gopuravida.org\/es\/about\/wie-go-pura-vida-zu-seinem-namen-kam\/#breadcrumb","itemListElement":[{"@type":"ListItem","position":1,"name":"Portada","item":"https:\/\/gopuravida.org\/"},{"@type":"ListItem","position":2,"name":"\u00dcber mich","item":"https:\/\/gopuravida.org\/about\/"},{"@type":"ListItem","position":3,"name":"Wie &#8222;Go Pura Vida&#8220; zu seinem Namen kam&#8230;"}]},{"@type":"WebSite","@id":"https:\/\/gopuravida.org\/#website","url":"https:\/\/gopuravida.org\/","name":"Go Pura Vida","description":"","publisher":{"@id":"https:\/\/gopuravida.org\/#organization"},"potentialAction":[{"@type":"SearchAction","target":{"@type":"EntryPoint","urlTemplate":"https:\/\/gopuravida.org\/?s={search_term_string}"},"query-input":{"@type":"PropertyValueSpecification","valueRequired":true,"valueName":"search_term_string"}}],"inLanguage":"es-CR"},{"@type":"Organization","@id":"https:\/\/gopuravida.org\/#organization","name":"Go Pura Vida","url":"https:\/\/gopuravida.org\/","logo":{"@type":"ImageObject","inLanguage":"es-CR","@id":"https:\/\/gopuravida.org\/#\/schema\/logo\/image\/","url":"https:\/\/gopuravida.org\/wp-content\/uploads\/2026\/04\/Go-Pura-Vida-bearbeitbar-1.png","contentUrl":"https:\/\/gopuravida.org\/wp-content\/uploads\/2026\/04\/Go-Pura-Vida-bearbeitbar-1.png","width":1500,"height":1500,"caption":"Go Pura Vida"},"image":{"@id":"https:\/\/gopuravida.org\/#\/schema\/logo\/image\/"}}]}},"jetpack_sharing_enabled":true,"_links":{"self":[{"href":"https:\/\/gopuravida.org\/es\/wp-json\/wp\/v2\/pages\/82","targetHints":{"allow":["GET"]}}],"collection":[{"href":"https:\/\/gopuravida.org\/es\/wp-json\/wp\/v2\/pages"}],"about":[{"href":"https:\/\/gopuravida.org\/es\/wp-json\/wp\/v2\/types\/page"}],"author":[{"embeddable":true,"href":"https:\/\/gopuravida.org\/es\/wp-json\/wp\/v2\/users\/1"}],"replies":[{"embeddable":true,"href":"https:\/\/gopuravida.org\/es\/wp-json\/wp\/v2\/comments?post=82"}],"version-history":[{"count":3,"href":"https:\/\/gopuravida.org\/es\/wp-json\/wp\/v2\/pages\/82\/revisions"}],"predecessor-version":[{"id":146,"href":"https:\/\/gopuravida.org\/es\/wp-json\/wp\/v2\/pages\/82\/revisions\/146"}],"up":[{"embeddable":true,"href":"https:\/\/gopuravida.org\/es\/wp-json\/wp\/v2\/pages\/20"}],"wp:attachment":[{"href":"https:\/\/gopuravida.org\/es\/wp-json\/wp\/v2\/media?parent=82"}],"curies":[{"name":"wp","href":"https:\/\/api.w.org\/{rel}","templated":true}]}}